{"id":67,"date":"2024-12-01T14:46:45","date_gmt":"2024-12-01T14:46:45","guid":{"rendered":"https:\/\/richelieuauto.com\/?page_id=67"},"modified":"2024-12-02T01:34:57","modified_gmt":"2024-12-02T01:34:57","slug":"terms-of-use","status":"publish","type":"page","link":"https:\/\/richelieuauto.com\/fr\/terms-of-use\/","title":{"rendered":"Conditions d'utilisation"},"content":{"rendered":"<h3><strong>Conditions d'utilisation<\/strong><\/h3>\n<p><strong>Date d'entr\u00e9e en vigueur\u00a0:<\/strong> 2024-12-01<\/p>\n<p>Les pr\u00e9sentes conditions d\u2019utilisation r\u00e9gissent votre utilisation du site Web et des services de Richelieu Garage Inc. En acc\u00e9dant \u00e0 notre site ou en utilisant nos services, vous acceptez ces conditions.<\/p>\n<h4><strong>1. Services fournis<\/strong><\/h4>\n<p>Richelieu Garage Inc. se sp\u00e9cialise dans la r\u00e9paration de collision automobile et les services connexes. Les services sont soumis \u00e0 disponibilit\u00e9 et peuvent varier en fonction de l'emplacement.<\/p>\n<h4><strong>2. Responsabilit\u00e9s de l'utilisateur<\/strong><\/h4>\n<ul>\n<li>Fournissez des informations pr\u00e9cises et v\u00e9ridiques lorsque vous r\u00e9servez des services ou lorsque vous nous contactez.<\/li>\n<li>Abstenez-vous d'utiliser nos services ou notre site Web \u00e0 des fins ill\u00e9gales.<\/li>\n<\/ul>\n<h4><strong>3. Paiement et estimations<\/strong><\/h4>\n<ul>\n<li>Les estimations fournies sont bas\u00e9es sur l\u2019\u00e9valuation initiale de votre v\u00e9hicule. Les frais finaux peuvent varier en fonction de l'\u00e9tendue des r\u00e9parations.<\/li>\n<li>Les paiements sont dus \u00e0 la fin du service, sauf accord contraire.<\/li>\n<\/ul>\n<h4><strong>4. Limitation de responsabilit\u00e9<\/strong><\/h4>\n<p>Richelieu Garage Inc. n'est pas responsable des dommages indirects, accessoires ou cons\u00e9cutifs d\u00e9coulant de l'utilisation de nos services ou de notre site Web.<\/p>\n<h4><strong>5. Modifications des conditions<\/strong><\/h4>\n<p>Nous nous r\u00e9servons le droit de mettre \u00e0 jour ces conditions d'utilisation \u00e0 tout moment. L'utilisation continue de nos services constitue votre acceptation des conditions r\u00e9vis\u00e9es<\/p>\n<h4><strong>6. Contactez-nous<\/strong><\/h4>\n<p>Pour des questions sur ces termes\u00a0:<\/p>\n<p class=\"translation-block\"><strong>Garage Richelieu Inc.<\/strong><br>\nAdresse\u00a0: 5445 Royalmount, Montr\u00e9al, Qu\u00e9bec, H4P 1J3<br>\nCourriel\u00a0: <a rel=\"noopener\" target=\"_self\">info@richelieuauto.com<\/a><br>\nT\u00e9l\u00e9phone\u00a0: 514-557-9104<br>\nService client\u00a0: du lundi au vendredi, de 8h00 \u00e0 17h00<\/p>","protected":false},"excerpt":{"rendered":"<p>Terms of Service Effective Date: 2024-12-01 These Terms of Service govern your use of Richelieu Garage Inc.&#8217;s website and services. By accessing our site or using our services, you agree to these terms. 1. Services Provided Richelieu Garage Inc. specializes in auto collision repair and related services. Services are subject to availability and may vary [&hellip;]<\/p>\n","protected":false},"author":1,"featured_media":0,"parent":0,"menu_order":0,"comment_status":"closed","ping_status":"closed","template":"","meta":{"_coblocks_attr":"","_coblocks_dimensions":"","_coblocks_responsive_height":"","_coblocks_accordion_ie_support":"","footnotes":""},"class_list":["post-67","page","type-page","status-publish","hentry"],"_links":{"self":[{"href":"https:\/\/richelieuauto.com\/fr\/wp-json\/wp\/v2\/pages\/67","targetHints":{"allow":["GET"]}}],"collection":[{"href":"https:\/\/richelieuauto.com\/fr\/wp-json\/wp\/v2\/pages"}],"about":[{"href":"https:\/\/richelieuauto.com\/fr\/wp-json\/wp\/v2\/types\/page"}],"author":[{"embeddable":true,"href":"https:\/\/richelieuauto.com\/fr\/wp-json\/wp\/v2\/users\/1"}],"replies":[{"embeddable":true,"href":"https:\/\/richelieuauto.com\/fr\/wp-json\/wp\/v2\/comments?post=67"}],"version-history":[{"count":3,"href":"https:\/\/richelieuauto.com\/fr\/wp-json\/wp\/v2\/pages\/67\/revisions"}],"predecessor-version":[{"id":175,"href":"https:\/\/richelieuauto.com\/fr\/wp-json\/wp\/v2\/pages\/67\/revisions\/175"}],"wp:attachment":[{"href":"https:\/\/richelieuauto.com\/fr\/wp-json\/wp\/v2\/media?parent=67"}],"curies":[{"name":"wp","href":"https:\/\/api.w.org\/{rel}","templated":true}]}}